{"id":5899,"date":"2021-03-10T15:55:26","date_gmt":"2021-03-10T15:55:26","guid":{"rendered":"https:\/\/raistheme.com\/wp\/gostudy\/?page_id=5899"},"modified":"2021-12-15T09:59:10","modified_gmt":"2021-12-15T14:59:10","slug":"preguntasfrecuentes","status":"publish","type":"page","link":"https:\/\/educaciondistribuna.com\/pt\/preguntasfrecuentes\/","title":{"rendered":"Preguntas Frecuentes"},"content":{"rendered":"<div data-elementor-type=\"wp-page\" data-elementor-id=\"5899\" class=\"elementor elementor-5899\">\n\t\t\t\t\t\t\t\t\t<section class=\"elementor-section elementor-top-section elementor-element elementor-element-cacbd6e elementor-section-boxed elementor-section-height-default elementor-section-height-default\" data-id=\"cacbd6e\" data-element_type=\"section\">\n\t\t\t\t\t\t<div class=\"elementor-container elementor-column-gap-default\">\n\t\t\t\t\t<div class=\"elementor-column elementor-col-100 elementor-top-column elementor-element elementor-element-19ebd81\" data-id=\"19ebd81\" data-element_type=\"column\">\n\t\t\t<div class=\"elementor-widget-wrap elementor-element-populated\">\n\t\t\t\t\t\t\t\t<section class=\"elementor-section elementor-inner-section elementor-element elementor-element-58f0ea0 elementor-section-boxed elementor-section-height-default elementor-section-height-default\" data-id=\"58f0ea0\" data-element_type=\"section\">\n\t\t\t\t\t\t<div class=\"elementor-container elementor-column-gap-default\">\n\t\t\t\t\t<div class=\"elementor-column elementor-col-50 elementor-inner-column elementor-element elementor-element-50bc102\" data-id=\"50bc102\" data-element_type=\"column\">\n\t\t\t<div class=\"elementor-widget-wrap elementor-element-populated\">\n\t\t\t\t\t\t\t\t<div class=\"elementor-element elementor-element-746f844 elementor-view-framed elementor-widget elementor-widget-rt-toggle-accordion\" data-id=\"746f844\" data-element_type=\"widget\" data-widget_type=\"rt-toggle-accordion.default\">\n\t\t\t\t<div class=\"elementor-widget-container\">\n\t\t\t<div class=\"rt-accordion icon-custom\" id=\"rt-accordion-746f844\" data-type=\"accordion\"><div class=\"rt-accordion_panel\"><h4 id=\"rt-accordion_header-1221\" class=\"rt-accordion_header\" data-default=\"yes\"><span class=\"rt-accordion_title\">\u00bfCu\u00e1les son los beneficios de un LMS?<\/span><i class=\"rt-accordion_icon elementor-icon fa fa-chevron-right\"><\/i><\/h4><div class=\"rt-accordion_content\"><p>Un LMS es la abreviatura de Learning Management System. Es un software que le permite automatizar, administrar y capturar el aprendizaje o la capacitaci\u00f3n con su organizaci\u00f3n. Un LMS, o sistema de gesti\u00f3n del aprendizaje, combina una amplia gama de caracter\u00edsticas para presentar.<\/p><\/div><\/div><div class=\"rt-accordion_panel\"><h4 id=\"rt-accordion_header-1222\" class=\"rt-accordion_header\" data-default=\"\"><span class=\"rt-accordion_title\">\u00bfC\u00f3mo puedo adquirir un curso?<\/span><i class=\"rt-accordion_icon elementor-icon fa fa-chevron-right\"><\/i><\/h4><div class=\"rt-accordion_content\"><p>Para iniciar un curso deber\u00e1s ingresar a la url del mismo y luego dar clic en el bot\u00f3n \"Comenzar ahora\", luego completa el proceso de pago y listo!<\/p><\/div><\/div><div class=\"rt-accordion_panel\"><h4 id=\"rt-accordion_header-1223\" class=\"rt-accordion_header\" data-default=\"\"><span class=\"rt-accordion_title\">\u00bfC\u00f3mo accedo a mis cursos?<\/span><i class=\"rt-accordion_icon elementor-icon fa fa-chevron-right\"><\/i><\/h4><div class=\"rt-accordion_content\"><p>Primero deber\u00e1s iniciar sesi\u00f3n con tus credenciales y posteriormente se activar\u00e1 un men\u00fa \"Mis cursos\" en donde encontrar\u00e1s todos los cursos a los cuales tienes acceso.<\/p><\/div><\/div><\/div>\t\t<\/div>\n\t\t\t\t<\/div>\n\t\t\t\t\t<\/div>\n\t\t<\/div>\n\t\t\t\t<div class=\"elementor-column elementor-col-50 elementor-inner-column elementor-element elementor-element-05f9241\" data-id=\"05f9241\" data-element_type=\"column\">\n\t\t\t<div class=\"elementor-widget-wrap elementor-element-populated\">\n\t\t\t\t\t\t\t\t<div class=\"elementor-element elementor-element-d26f575 elementor-view-framed elementor-widget elementor-widget-rt-toggle-accordion\" data-id=\"d26f575\" data-element_type=\"widget\" data-widget_type=\"rt-toggle-accordion.default\">\n\t\t\t\t<div class=\"elementor-widget-container\">\n\t\t\t<div class=\"rt-accordion icon-custom\" id=\"rt-accordion-d26f575\" data-type=\"accordion\"><div class=\"rt-accordion_panel\"><h4 id=\"rt-accordion_header-2201\" class=\"rt-accordion_header\" data-default=\"\"><span class=\"rt-accordion_title\">\u00bfC\u00f3mo puedo avanzar entre el curso?<\/span><i class=\"rt-accordion_icon elementor-icon fa fa-chevron-right\"><\/i><\/h4><div class=\"rt-accordion_content\"><p>En algunas actividades dentro de nuestros cursos deber\u00e1s buscar los \u00edconos de flechas para avanzar. Luego deber\u00e1s dar clic en el bot\u00f3n de \"Marcar como completada\" para avanzar a la siguiente actividad.<\/p><\/div><\/div><div class=\"rt-accordion_panel\"><h4 id=\"rt-accordion_header-2202\" class=\"rt-accordion_header\" data-default=\"\"><span class=\"rt-accordion_title\">\u00bfEn qu\u00e9 horario puedo tomar mis cursos?<\/span><i class=\"rt-accordion_icon elementor-icon fa fa-chevron-right\"><\/i><\/h4><div class=\"rt-accordion_content\"><p>Puedes entrar a tus cursos en cualquier momento. La educaci\u00f3n estar\u00e1 siempre disponible y a tu alcance.<\/p><\/div><\/div><\/div>\t\t<\/div>\n\t\t\t\t<\/div>\n\t\t\t\t\t<\/div>\n\t\t<\/div>\n\t\t\t\t\t\t\t<\/div>\n\t\t<\/section>\n\t\t\t\t\t<\/div>\n\t\t<\/div>\n\t\t\t\t\t\t\t<\/div>\n\t\t<\/section>\n\t\t\t\t\t\t\t<\/div>","protected":false},"excerpt":{"rendered":"<p>\u00bfCu\u00e1les son los beneficios de un LMS? Un LMS es la abreviatura de Learning Management System. Es un software que le permite automatizar, administrar y capturar el aprendizaje o la capacitaci\u00f3n con su organizaci\u00f3n. Un LMS, o sistema de gesti\u00f3n del aprendizaje, combina una amplia gama de caracter\u00edsticas para presentar. \u00bfC\u00f3mo puedo adquirir un curso? [&hellip;]<\/p>\n","protected":false},"author":1,"featured_media":0,"parent":0,"menu_order":0,"comment_status":"closed","ping_status":"closed","template":"","meta":{"footnotes":""},"class_list":["post-5899","page","type-page","status-publish","hentry"],"yoast_head":"<!-- This site is optimized with the Yoast SEO plugin v27.5 - https:\/\/yoast.com\/product\/yoast-seo-wordpress\/ -->\n<title>Preguntas Frecuentes - Educaci\u00f3n Distribuna<\/title>\n<meta name=\"robots\" content=\"index, follow, max-snippet:-1, max-image-preview:large, max-video-preview:-1\" \/>\n<link rel=\"canonical\" href=\"https:\/\/educaciondistribuna.com\/pt\/preguntasfrecuentes\/\" \/>\n<meta property=\"og:locale\" content=\"pt_BR\" \/>\n<meta property=\"og:type\" content=\"article\" \/>\n<meta property=\"og:title\" content=\"Preguntas Frecuentes - Educaci\u00f3n Distribuna\" \/>\n<meta property=\"og:description\" content=\"\u00bfCu\u00e1les son los beneficios de un LMS? Un LMS es la abreviatura de Learning Management System. Es un software que le permite automatizar, administrar y capturar el aprendizaje o la capacitaci\u00f3n con su organizaci\u00f3n. Un LMS, o sistema de gesti\u00f3n del aprendizaje, combina una amplia gama de caracter\u00edsticas para presentar. \u00bfC\u00f3mo puedo adquirir un curso? [&hellip;]\" \/>\n<meta property=\"og:url\" content=\"https:\/\/educaciondistribuna.com\/pt\/preguntasfrecuentes\/\" \/>\n<meta property=\"og:site_name\" content=\"Educaci\u00f3n Distribuna\" \/>\n<meta property=\"article:publisher\" content=\"https:\/\/www.facebook.com\/distribunamedicina\" \/>\n<meta property=\"article:modified_time\" content=\"2021-12-15T14:59:10+00:00\" \/>\n<meta name=\"twitter:card\" content=\"summary_large_image\" \/>\n<meta name=\"twitter:site\" content=\"@Distribuna\" \/>\n<meta name=\"twitter:label1\" content=\"Est. tempo de leitura\" \/>\n\t<meta name=\"twitter:data1\" content=\"1 minuto\" \/>\n<script type=\"application\/ld+json\" class=\"yoast-schema-graph\">{\"@context\":\"https:\\\/\\\/schema.org\",\"@graph\":[{\"@type\":\"WebPage\",\"@id\":\"https:\\\/\\\/educaciondistribuna.com\\\/preguntasfrecuentes\\\/\",\"url\":\"https:\\\/\\\/educaciondistribuna.com\\\/preguntasfrecuentes\\\/\",\"name\":\"Preguntas Frecuentes - Educaci\u00f3n Distribuna\",\"isPartOf\":{\"@id\":\"https:\\\/\\\/educaciondistribuna.com\\\/#website\"},\"datePublished\":\"2021-03-10T15:55:26+00:00\",\"dateModified\":\"2021-12-15T14:59:10+00:00\",\"breadcrumb\":{\"@id\":\"https:\\\/\\\/educaciondistribuna.com\\\/preguntasfrecuentes\\\/#breadcrumb\"},\"inLanguage\":\"pt-BR\",\"potentialAction\":[{\"@type\":\"ReadAction\",\"target\":[\"https:\\\/\\\/educaciondistribuna.com\\\/preguntasfrecuentes\\\/\"]}]},{\"@type\":\"BreadcrumbList\",\"@id\":\"https:\\\/\\\/educaciondistribuna.com\\\/preguntasfrecuentes\\\/#breadcrumb\",\"itemListElement\":[{\"@type\":\"ListItem\",\"position\":1,\"name\":\"Portada\",\"item\":\"https:\\\/\\\/educaciondistribuna.com\\\/\"},{\"@type\":\"ListItem\",\"position\":2,\"name\":\"Preguntas Frecuentes\"}]},{\"@type\":\"WebSite\",\"@id\":\"https:\\\/\\\/educaciondistribuna.com\\\/#website\",\"url\":\"https:\\\/\\\/educaciondistribuna.com\\\/\",\"name\":\"Educaci\u00f3n Distribuna\",\"description\":\"Unidad de educaci\u00f3n del Grupo DISTRIBUNA comprometidos en la generaci\u00f3n de contenidos de la salud, cursos y talleres online.\",\"publisher\":{\"@id\":\"https:\\\/\\\/educaciondistribuna.com\\\/#organization\"},\"potentialAction\":[{\"@type\":\"SearchAction\",\"target\":{\"@type\":\"EntryPoint\",\"urlTemplate\":\"https:\\\/\\\/educaciondistribuna.com\\\/?s={search_term_string}\"},\"query-input\":{\"@type\":\"PropertyValueSpecification\",\"valueRequired\":true,\"valueName\":\"search_term_string\"}}],\"inLanguage\":\"pt-BR\"},{\"@type\":\"Organization\",\"@id\":\"https:\\\/\\\/educaciondistribuna.com\\\/#organization\",\"name\":\"Educaci\u00f3n Distribuna\",\"url\":\"https:\\\/\\\/educaciondistribuna.com\\\/\",\"logo\":{\"@type\":\"ImageObject\",\"inLanguage\":\"pt-BR\",\"@id\":\"https:\\\/\\\/educaciondistribuna.com\\\/#\\\/schema\\\/logo\\\/image\\\/\",\"url\":\"https:\\\/\\\/educaciondistribuna.com\\\/wp-content\\\/uploads\\\/2025\\\/02\\\/EducacionDistribuna_2025.png\",\"contentUrl\":\"https:\\\/\\\/educaciondistribuna.com\\\/wp-content\\\/uploads\\\/2025\\\/02\\\/EducacionDistribuna_2025.png\",\"width\":575,\"height\":148,\"caption\":\"Educaci\u00f3n Distribuna\"},\"image\":{\"@id\":\"https:\\\/\\\/educaciondistribuna.com\\\/#\\\/schema\\\/logo\\\/image\\\/\"},\"sameAs\":[\"https:\\\/\\\/www.facebook.com\\\/distribunamedicina\",\"https:\\\/\\\/x.com\\\/Distribuna\",\"https:\\\/\\\/www.instagram.com\\\/distribunamedicina\\\/\",\"https:\\\/\\\/www.youtube.com\\\/user\\\/distribuna\"]}]}<\/script>\n<!-- \/ Yoast SEO plugin. -->","yoast_head_json":{"title":"Preguntas Frecuentes - Educaci\u00f3n Distribuna","robots":{"index":"index","follow":"follow","max-snippet":"max-snippet:-1","max-image-preview":"max-image-preview:large","max-video-preview":"max-video-preview:-1"},"canonical":"https:\/\/educaciondistribuna.com\/pt\/preguntasfrecuentes\/","og_locale":"pt_BR","og_type":"article","og_title":"Preguntas Frecuentes - Educaci\u00f3n Distribuna","og_description":"\u00bfCu\u00e1les son los beneficios de un LMS? Un LMS es la abreviatura de Learning Management System. Es un software que le permite automatizar, administrar y capturar el aprendizaje o la capacitaci\u00f3n con su organizaci\u00f3n. Un LMS, o sistema de gesti\u00f3n del aprendizaje, combina una amplia gama de caracter\u00edsticas para presentar. \u00bfC\u00f3mo puedo adquirir un curso? [&hellip;]","og_url":"https:\/\/educaciondistribuna.com\/pt\/preguntasfrecuentes\/","og_site_name":"Educaci\u00f3n Distribuna","article_publisher":"https:\/\/www.facebook.com\/distribunamedicina","article_modified_time":"2021-12-15T14:59:10+00:00","twitter_card":"summary_large_image","twitter_site":"@Distribuna","twitter_misc":{"Est. tempo de leitura":"1 minuto"},"schema":{"@context":"https:\/\/schema.org","@graph":[{"@type":"WebPage","@id":"https:\/\/educaciondistribuna.com\/preguntasfrecuentes\/","url":"https:\/\/educaciondistribuna.com\/preguntasfrecuentes\/","name":"Preguntas Frecuentes - Educaci\u00f3n Distribuna","isPartOf":{"@id":"https:\/\/educaciondistribuna.com\/#website"},"datePublished":"2021-03-10T15:55:26+00:00","dateModified":"2021-12-15T14:59:10+00:00","breadcrumb":{"@id":"https:\/\/educaciondistribuna.com\/preguntasfrecuentes\/#breadcrumb"},"inLanguage":"pt-BR","potentialAction":[{"@type":"ReadAction","target":["https:\/\/educaciondistribuna.com\/preguntasfrecuentes\/"]}]},{"@type":"BreadcrumbList","@id":"https:\/\/educaciondistribuna.com\/preguntasfrecuentes\/#breadcrumb","itemListElement":[{"@type":"ListItem","position":1,"name":"Portada","item":"https:\/\/educaciondistribuna.com\/"},{"@type":"ListItem","position":2,"name":"Preguntas Frecuentes"}]},{"@type":"WebSite","@id":"https:\/\/educaciondistribuna.com\/#website","url":"https:\/\/educaciondistribuna.com\/","name":"Educaci\u00f3n Distribuna","description":"Unidad de educaci\u00f3n del Grupo DISTRIBUNA comprometidos en la generaci\u00f3n de contenidos de la salud, cursos y talleres online.","publisher":{"@id":"https:\/\/educaciondistribuna.com\/#organization"},"potentialAction":[{"@type":"SearchAction","target":{"@type":"EntryPoint","urlTemplate":"https:\/\/educaciondistribuna.com\/?s={search_term_string}"},"query-input":{"@type":"PropertyValueSpecification","valueRequired":true,"valueName":"search_term_string"}}],"inLanguage":"pt-BR"},{"@type":"Organization","@id":"https:\/\/educaciondistribuna.com\/#organization","name":"Educaci\u00f3n Distribuna","url":"https:\/\/educaciondistribuna.com\/","logo":{"@type":"ImageObject","inLanguage":"pt-BR","@id":"https:\/\/educaciondistribuna.com\/#\/schema\/logo\/image\/","url":"https:\/\/educaciondistribuna.com\/wp-content\/uploads\/2025\/02\/EducacionDistribuna_2025.png","contentUrl":"https:\/\/educaciondistribuna.com\/wp-content\/uploads\/2025\/02\/EducacionDistribuna_2025.png","width":575,"height":148,"caption":"Educaci\u00f3n Distribuna"},"image":{"@id":"https:\/\/educaciondistribuna.com\/#\/schema\/logo\/image\/"},"sameAs":["https:\/\/www.facebook.com\/distribunamedicina","https:\/\/x.com\/Distribuna","https:\/\/www.instagram.com\/distribunamedicina\/","https:\/\/www.youtube.com\/user\/distribuna"]}]}},"_links":{"self":[{"href":"https:\/\/educaciondistribuna.com\/pt\/wp-json\/wp\/v2\/pages\/5899","targetHints":{"allow":["GET"]}}],"collection":[{"href":"https:\/\/educaciondistribuna.com\/pt\/wp-json\/wp\/v2\/pages"}],"about":[{"href":"https:\/\/educaciondistribuna.com\/pt\/wp-json\/wp\/v2\/types\/page"}],"author":[{"embeddable":true,"href":"https:\/\/educaciondistribuna.com\/pt\/wp-json\/wp\/v2\/users\/1"}],"replies":[{"embeddable":true,"href":"https:\/\/educaciondistribuna.com\/pt\/wp-json\/wp\/v2\/comments?post=5899"}],"version-history":[{"count":43,"href":"https:\/\/educaciondistribuna.com\/pt\/wp-json\/wp\/v2\/pages\/5899\/revisions"}],"predecessor-version":[{"id":14066,"href":"https:\/\/educaciondistribuna.com\/pt\/wp-json\/wp\/v2\/pages\/5899\/revisions\/14066"}],"wp:attachment":[{"href":"https:\/\/educaciondistribuna.com\/pt\/wp-json\/wp\/v2\/media?parent=5899"}],"curies":[{"name":"wp","href":"https:\/\/api.w.org\/{rel}","templated":true}]}}