{"id":18,"date":"2021-08-26T13:13:30","date_gmt":"2021-08-26T18:13:30","guid":{"rendered":"https:\/\/nuevo.e-learningmedico.com\/cart\/"},"modified":"2021-12-09T12:35:10","modified_gmt":"2021-12-09T17:35:10","slug":"cart","status":"publish","type":"page","link":"https:\/\/educaciondistribuna.com\/pt\/cart\/","title":{"rendered":"Carrito"},"content":{"rendered":"","protected":false},"excerpt":{"rendered":"","protected":false},"author":1,"featured_media":0,"parent":0,"menu_order":0,"comment_status":"closed","ping_status":"closed","template":"","meta":{"footnotes":""},"class_list":["post-18","page","type-page","status-publish","hentry"],"yoast_head":"<!-- This site is optimized with the Yoast SEO plugin v27.3 - https:\/\/yoast.com\/product\/yoast-seo-wordpress\/ -->\n<title>Carrito - Educaci\u00f3n Distribuna<\/title>\n<meta name=\"robots\" content=\"index, follow, max-snippet:-1, max-image-preview:large, max-video-preview:-1\" \/>\n<link rel=\"canonical\" href=\"https:\/\/educaciondistribuna.com\/pt\/cart\/\" \/>\n<meta property=\"og:locale\" content=\"pt_BR\" \/>\n<meta property=\"og:type\" content=\"article\" \/>\n<meta property=\"og:title\" content=\"Carrito - Educaci\u00f3n Distribuna\" \/>\n<meta property=\"og:url\" content=\"https:\/\/educaciondistribuna.com\/pt\/cart\/\" \/>\n<meta property=\"og:site_name\" content=\"Educaci\u00f3n Distribuna\" \/>\n<meta property=\"article:publisher\" content=\"https:\/\/www.facebook.com\/distribunamedicina\" \/>\n<meta property=\"article:modified_time\" content=\"2021-12-09T17:35:10+00:00\" \/>\n<meta name=\"twitter:card\" content=\"summary_large_image\" \/>\n<meta name=\"twitter:site\" content=\"@Distribuna\" \/>\n<script type=\"application\/ld+json\" class=\"yoast-schema-graph\">{\"@context\":\"https:\\\/\\\/schema.org\",\"@graph\":[{\"@type\":\"WebPage\",\"@id\":\"https:\\\/\\\/educaciondistribuna.com\\\/cart\\\/\",\"url\":\"https:\\\/\\\/educaciondistribuna.com\\\/cart\\\/\",\"name\":\"Carrito - Educaci\u00f3n Distribuna\",\"isPartOf\":{\"@id\":\"https:\\\/\\\/educaciondistribuna.com\\\/#website\"},\"datePublished\":\"2021-08-26T18:13:30+00:00\",\"dateModified\":\"2021-12-09T17:35:10+00:00\",\"breadcrumb\":{\"@id\":\"https:\\\/\\\/educaciondistribuna.com\\\/cart\\\/#breadcrumb\"},\"inLanguage\":\"pt-BR\",\"potentialAction\":[{\"@type\":\"ReadAction\",\"target\":[\"https:\\\/\\\/educaciondistribuna.com\\\/cart\\\/\"]}]},{\"@type\":\"BreadcrumbList\",\"@id\":\"https:\\\/\\\/educaciondistribuna.com\\\/cart\\\/#breadcrumb\",\"itemListElement\":[{\"@type\":\"ListItem\",\"position\":1,\"name\":\"Portada\",\"item\":\"https:\\\/\\\/educaciondistribuna.com\\\/\"},{\"@type\":\"ListItem\",\"position\":2,\"name\":\"Carrito\"}]},{\"@type\":\"WebSite\",\"@id\":\"https:\\\/\\\/educaciondistribuna.com\\\/#website\",\"url\":\"https:\\\/\\\/educaciondistribuna.com\\\/\",\"name\":\"Educaci\u00f3n Distribuna\",\"description\":\"Unidad de educaci\u00f3n del Grupo DISTRIBUNA comprometidos en la generaci\u00f3n de contenidos de la salud, cursos y talleres online.\",\"publisher\":{\"@id\":\"https:\\\/\\\/educaciondistribuna.com\\\/#organization\"},\"potentialAction\":[{\"@type\":\"SearchAction\",\"target\":{\"@type\":\"EntryPoint\",\"urlTemplate\":\"https:\\\/\\\/educaciondistribuna.com\\\/?s={search_term_string}\"},\"query-input\":{\"@type\":\"PropertyValueSpecification\",\"valueRequired\":true,\"valueName\":\"search_term_string\"}}],\"inLanguage\":\"pt-BR\"},{\"@type\":\"Organization\",\"@id\":\"https:\\\/\\\/educaciondistribuna.com\\\/#organization\",\"name\":\"Educaci\u00f3n Distribuna\",\"url\":\"https:\\\/\\\/educaciondistribuna.com\\\/\",\"logo\":{\"@type\":\"ImageObject\",\"inLanguage\":\"pt-BR\",\"@id\":\"https:\\\/\\\/educaciondistribuna.com\\\/#\\\/schema\\\/logo\\\/image\\\/\",\"url\":\"https:\\\/\\\/educaciondistribuna.com\\\/wp-content\\\/uploads\\\/2025\\\/02\\\/EducacionDistribuna_2025.png\",\"contentUrl\":\"https:\\\/\\\/educaciondistribuna.com\\\/wp-content\\\/uploads\\\/2025\\\/02\\\/EducacionDistribuna_2025.png\",\"width\":575,\"height\":148,\"caption\":\"Educaci\u00f3n Distribuna\"},\"image\":{\"@id\":\"https:\\\/\\\/educaciondistribuna.com\\\/#\\\/schema\\\/logo\\\/image\\\/\"},\"sameAs\":[\"https:\\\/\\\/www.facebook.com\\\/distribunamedicina\",\"https:\\\/\\\/x.com\\\/Distribuna\",\"https:\\\/\\\/www.instagram.com\\\/distribunamedicina\\\/\",\"https:\\\/\\\/www.youtube.com\\\/user\\\/distribuna\"]}]}<\/script>\n<!-- \/ Yoast SEO plugin. -->","yoast_head_json":{"title":"Carrito - Educaci\u00f3n Distribuna","robots":{"index":"index","follow":"follow","max-snippet":"max-snippet:-1","max-image-preview":"max-image-preview:large","max-video-preview":"max-video-preview:-1"},"canonical":"https:\/\/educaciondistribuna.com\/pt\/cart\/","og_locale":"pt_BR","og_type":"article","og_title":"Carrito - Educaci\u00f3n Distribuna","og_url":"https:\/\/educaciondistribuna.com\/pt\/cart\/","og_site_name":"Educaci\u00f3n Distribuna","article_publisher":"https:\/\/www.facebook.com\/distribunamedicina","article_modified_time":"2021-12-09T17:35:10+00:00","twitter_card":"summary_large_image","twitter_site":"@Distribuna","schema":{"@context":"https:\/\/schema.org","@graph":[{"@type":"WebPage","@id":"https:\/\/educaciondistribuna.com\/cart\/","url":"https:\/\/educaciondistribuna.com\/cart\/","name":"Carrito - Educaci\u00f3n Distribuna","isPartOf":{"@id":"https:\/\/educaciondistribuna.com\/#website"},"datePublished":"2021-08-26T18:13:30+00:00","dateModified":"2021-12-09T17:35:10+00:00","breadcrumb":{"@id":"https:\/\/educaciondistribuna.com\/cart\/#breadcrumb"},"inLanguage":"pt-BR","potentialAction":[{"@type":"ReadAction","target":["https:\/\/educaciondistribuna.com\/cart\/"]}]},{"@type":"BreadcrumbList","@id":"https:\/\/educaciondistribuna.com\/cart\/#breadcrumb","itemListElement":[{"@type":"ListItem","position":1,"name":"Portada","item":"https:\/\/educaciondistribuna.com\/"},{"@type":"ListItem","position":2,"name":"Carrito"}]},{"@type":"WebSite","@id":"https:\/\/educaciondistribuna.com\/#website","url":"https:\/\/educaciondistribuna.com\/","name":"Educaci\u00f3n Distribuna","description":"Unidad de educaci\u00f3n del Grupo DISTRIBUNA comprometidos en la generaci\u00f3n de contenidos de la salud, cursos y talleres online.","publisher":{"@id":"https:\/\/educaciondistribuna.com\/#organization"},"potentialAction":[{"@type":"SearchAction","target":{"@type":"EntryPoint","urlTemplate":"https:\/\/educaciondistribuna.com\/?s={search_term_string}"},"query-input":{"@type":"PropertyValueSpecification","valueRequired":true,"valueName":"search_term_string"}}],"inLanguage":"pt-BR"},{"@type":"Organization","@id":"https:\/\/educaciondistribuna.com\/#organization","name":"Educaci\u00f3n Distribuna","url":"https:\/\/educaciondistribuna.com\/","logo":{"@type":"ImageObject","inLanguage":"pt-BR","@id":"https:\/\/educaciondistribuna.com\/#\/schema\/logo\/image\/","url":"https:\/\/educaciondistribuna.com\/wp-content\/uploads\/2025\/02\/EducacionDistribuna_2025.png","contentUrl":"https:\/\/educaciondistribuna.com\/wp-content\/uploads\/2025\/02\/EducacionDistribuna_2025.png","width":575,"height":148,"caption":"Educaci\u00f3n Distribuna"},"image":{"@id":"https:\/\/educaciondistribuna.com\/#\/schema\/logo\/image\/"},"sameAs":["https:\/\/www.facebook.com\/distribunamedicina","https:\/\/x.com\/Distribuna","https:\/\/www.instagram.com\/distribunamedicina\/","https:\/\/www.youtube.com\/user\/distribuna"]}]}},"_links":{"self":[{"href":"https:\/\/educaciondistribuna.com\/pt\/wp-json\/wp\/v2\/pages\/18","targetHints":{"allow":["GET"]}}],"collection":[{"href":"https:\/\/educaciondistribuna.com\/pt\/wp-json\/wp\/v2\/pages"}],"about":[{"href":"https:\/\/educaciondistribuna.com\/pt\/wp-json\/wp\/v2\/types\/page"}],"author":[{"embeddable":true,"href":"https:\/\/educaciondistribuna.com\/pt\/wp-json\/wp\/v2\/users\/1"}],"replies":[{"embeddable":true,"href":"https:\/\/educaciondistribuna.com\/pt\/wp-json\/wp\/v2\/comments?post=18"}],"version-history":[{"count":1,"href":"https:\/\/educaciondistribuna.com\/pt\/wp-json\/wp\/v2\/pages\/18\/revisions"}],"predecessor-version":[{"id":13731,"href":"https:\/\/educaciondistribuna.com\/pt\/wp-json\/wp\/v2\/pages\/18\/revisions\/13731"}],"wp:attachment":[{"href":"https:\/\/educaciondistribuna.com\/pt\/wp-json\/wp\/v2\/media?parent=18"}],"curies":[{"name":"wp","href":"https:\/\/api.w.org\/{rel}","templated":true}]}}