{"id":14114,"date":"2021-12-17T10:33:33","date_gmt":"2021-12-17T15:33:33","guid":{"rendered":"https:\/\/educaciondistribuna.com\/?page_id=14114"},"modified":"2021-12-17T10:36:44","modified_gmt":"2021-12-17T15:36:44","slug":"test","status":"publish","type":"page","link":"https:\/\/educaciondistribuna.com\/pt\/test\/","title":{"rendered":"Test"},"content":{"rendered":"<div data-elementor-type=\"wp-page\" data-elementor-id=\"14114\" class=\"elementor elementor-14114\">\n\t\t\t\t\t\t\t\t\t<section class=\"elementor-section elementor-top-section elementor-element elementor-element-6a8f87e elementor-section-boxed elementor-section-height-default elementor-section-height-default\" data-id=\"6a8f87e\" data-element_type=\"section\">\n\t\t\t\t\t\t<div class=\"elementor-container elementor-column-gap-default\">\n\t\t\t\t\t<div class=\"elementor-column elementor-col-100 elementor-top-column elementor-element elementor-element-e61654a\" data-id=\"e61654a\" data-element_type=\"column\">\n\t\t\t<div class=\"elementor-widget-wrap elementor-element-populated\">\n\t\t\t\t\t\t\t\t<div class=\"elementor-element elementor-element-300ba97 elementor-align-center elementor-widget elementor-widget-button\" data-id=\"300ba97\" data-element_type=\"widget\" data-widget_type=\"button.default\">\n\t\t\t\t<div class=\"elementor-widget-container\">\n\t\t\t\t\t<div class=\"elementor-button-wrapper\">\n\t\t\t<a class=\"elementor-button elementor-button-link elementor-size-md\" href=\"https:\/\/educaciondistribuna.com\/wp-content\/uploads\/2021\/12\/FichaTecnica-Arritmias.pdf\" target=\"_blank\">\n\t\t\t\t\t\t<span class=\"elementor-button-content-wrapper\">\n\t\t\t\t\t\t<span class=\"elementor-button-icon elementor-align-icon-left\">\n\t\t\t\t<i aria-hidden=\"true\" class=\"fas fa-book-open\"><\/i>\t\t\t<\/span>\n\t\t\t\t\t\t<span class=\"elementor-button-text\">M\u00e1s informaci\u00f3n del curso aqu\u00ed<\/span>\n\t\t<\/span>\n\t\t\t\t\t<\/a>\n\t\t<\/div>\n\t\t\t\t<\/div>\n\t\t\t\t<\/div>\n\t\t\t\t\t<\/div>\n\t\t<\/div>\n\t\t\t\t\t\t\t<\/div>\n\t\t<\/section>\n\t\t\t\t\t\t\t<\/div>","protected":false},"excerpt":{"rendered":"<p>M\u00e1s informaci\u00f3n del curso aqu\u00ed<\/p>","protected":false},"author":1,"featured_media":0,"parent":0,"menu_order":0,"comment_status":"closed","ping_status":"closed","template":"","meta":{"footnotes":""},"class_list":["post-14114","page","type-page","status-publish","hentry"],"yoast_head":"<!-- This site is optimized with the Yoast SEO plugin v27.3 - https:\/\/yoast.com\/product\/yoast-seo-wordpress\/ -->\n<title>Test - Educaci\u00f3n Distribuna<\/title>\n<meta name=\"robots\" content=\"index, follow, max-snippet:-1, max-image-preview:large, max-video-preview:-1\" \/>\n<link rel=\"canonical\" href=\"https:\/\/educaciondistribuna.com\/pt\/test\/\" \/>\n<meta property=\"og:locale\" content=\"pt_BR\" \/>\n<meta property=\"og:type\" content=\"article\" \/>\n<meta property=\"og:title\" content=\"Test - Educaci\u00f3n Distribuna\" \/>\n<meta property=\"og:description\" content=\"M\u00e1s informaci\u00f3n del curso aqu\u00ed\" \/>\n<meta property=\"og:url\" content=\"https:\/\/educaciondistribuna.com\/pt\/test\/\" \/>\n<meta property=\"og:site_name\" content=\"Educaci\u00f3n Distribuna\" \/>\n<meta property=\"article:publisher\" content=\"https:\/\/www.facebook.com\/distribunamedicina\" \/>\n<meta property=\"article:modified_time\" content=\"2021-12-17T15:36:44+00:00\" \/>\n<meta name=\"twitter:card\" content=\"summary_large_image\" \/>\n<meta name=\"twitter:site\" content=\"@Distribuna\" \/>\n<meta name=\"twitter:label1\" content=\"Est. tempo de leitura\" \/>\n\t<meta name=\"twitter:data1\" content=\"1 minuto\" \/>\n<script type=\"application\/ld+json\" class=\"yoast-schema-graph\">{\"@context\":\"https:\\\/\\\/schema.org\",\"@graph\":[{\"@type\":\"WebPage\",\"@id\":\"https:\\\/\\\/educaciondistribuna.com\\\/test\\\/\",\"url\":\"https:\\\/\\\/educaciondistribuna.com\\\/test\\\/\",\"name\":\"Test - Educaci\u00f3n Distribuna\",\"isPartOf\":{\"@id\":\"https:\\\/\\\/educaciondistribuna.com\\\/#website\"},\"datePublished\":\"2021-12-17T15:33:33+00:00\",\"dateModified\":\"2021-12-17T15:36:44+00:00\",\"breadcrumb\":{\"@id\":\"https:\\\/\\\/educaciondistribuna.com\\\/test\\\/#breadcrumb\"},\"inLanguage\":\"pt-BR\",\"potentialAction\":[{\"@type\":\"ReadAction\",\"target\":[\"https:\\\/\\\/educaciondistribuna.com\\\/test\\\/\"]}]},{\"@type\":\"BreadcrumbList\",\"@id\":\"https:\\\/\\\/educaciondistribuna.com\\\/test\\\/#breadcrumb\",\"itemListElement\":[{\"@type\":\"ListItem\",\"position\":1,\"name\":\"Portada\",\"item\":\"https:\\\/\\\/educaciondistribuna.com\\\/\"},{\"@type\":\"ListItem\",\"position\":2,\"name\":\"Test\"}]},{\"@type\":\"WebSite\",\"@id\":\"https:\\\/\\\/educaciondistribuna.com\\\/#website\",\"url\":\"https:\\\/\\\/educaciondistribuna.com\\\/\",\"name\":\"Educaci\u00f3n Distribuna\",\"description\":\"Unidad de educaci\u00f3n del Grupo DISTRIBUNA comprometidos en la generaci\u00f3n de contenidos de la salud, cursos y talleres online.\",\"publisher\":{\"@id\":\"https:\\\/\\\/educaciondistribuna.com\\\/#organization\"},\"potentialAction\":[{\"@type\":\"SearchAction\",\"target\":{\"@type\":\"EntryPoint\",\"urlTemplate\":\"https:\\\/\\\/educaciondistribuna.com\\\/?s={search_term_string}\"},\"query-input\":{\"@type\":\"PropertyValueSpecification\",\"valueRequired\":true,\"valueName\":\"search_term_string\"}}],\"inLanguage\":\"pt-BR\"},{\"@type\":\"Organization\",\"@id\":\"https:\\\/\\\/educaciondistribuna.com\\\/#organization\",\"name\":\"Educaci\u00f3n Distribuna\",\"url\":\"https:\\\/\\\/educaciondistribuna.com\\\/\",\"logo\":{\"@type\":\"ImageObject\",\"inLanguage\":\"pt-BR\",\"@id\":\"https:\\\/\\\/educaciondistribuna.com\\\/#\\\/schema\\\/logo\\\/image\\\/\",\"url\":\"https:\\\/\\\/educaciondistribuna.com\\\/wp-content\\\/uploads\\\/2025\\\/02\\\/EducacionDistribuna_2025.png\",\"contentUrl\":\"https:\\\/\\\/educaciondistribuna.com\\\/wp-content\\\/uploads\\\/2025\\\/02\\\/EducacionDistribuna_2025.png\",\"width\":575,\"height\":148,\"caption\":\"Educaci\u00f3n Distribuna\"},\"image\":{\"@id\":\"https:\\\/\\\/educaciondistribuna.com\\\/#\\\/schema\\\/logo\\\/image\\\/\"},\"sameAs\":[\"https:\\\/\\\/www.facebook.com\\\/distribunamedicina\",\"https:\\\/\\\/x.com\\\/Distribuna\",\"https:\\\/\\\/www.instagram.com\\\/distribunamedicina\\\/\",\"https:\\\/\\\/www.youtube.com\\\/user\\\/distribuna\"]}]}<\/script>\n<!-- \/ Yoast SEO plugin. -->","yoast_head_json":{"title":"Test - Educaci\u00f3n Distribuna","robots":{"index":"index","follow":"follow","max-snippet":"max-snippet:-1","max-image-preview":"max-image-preview:large","max-video-preview":"max-video-preview:-1"},"canonical":"https:\/\/educaciondistribuna.com\/pt\/test\/","og_locale":"pt_BR","og_type":"article","og_title":"Test - Educaci\u00f3n Distribuna","og_description":"M\u00e1s informaci\u00f3n del curso aqu\u00ed","og_url":"https:\/\/educaciondistribuna.com\/pt\/test\/","og_site_name":"Educaci\u00f3n Distribuna","article_publisher":"https:\/\/www.facebook.com\/distribunamedicina","article_modified_time":"2021-12-17T15:36:44+00:00","twitter_card":"summary_large_image","twitter_site":"@Distribuna","twitter_misc":{"Est. tempo de leitura":"1 minuto"},"schema":{"@context":"https:\/\/schema.org","@graph":[{"@type":"WebPage","@id":"https:\/\/educaciondistribuna.com\/test\/","url":"https:\/\/educaciondistribuna.com\/test\/","name":"Test - Educaci\u00f3n Distribuna","isPartOf":{"@id":"https:\/\/educaciondistribuna.com\/#website"},"datePublished":"2021-12-17T15:33:33+00:00","dateModified":"2021-12-17T15:36:44+00:00","breadcrumb":{"@id":"https:\/\/educaciondistribuna.com\/test\/#breadcrumb"},"inLanguage":"pt-BR","potentialAction":[{"@type":"ReadAction","target":["https:\/\/educaciondistribuna.com\/test\/"]}]},{"@type":"BreadcrumbList","@id":"https:\/\/educaciondistribuna.com\/test\/#breadcrumb","itemListElement":[{"@type":"ListItem","position":1,"name":"Portada","item":"https:\/\/educaciondistribuna.com\/"},{"@type":"ListItem","position":2,"name":"Test"}]},{"@type":"WebSite","@id":"https:\/\/educaciondistribuna.com\/#website","url":"https:\/\/educaciondistribuna.com\/","name":"Educaci\u00f3n Distribuna","description":"Unidad de educaci\u00f3n del Grupo DISTRIBUNA comprometidos en la generaci\u00f3n de contenidos de la salud, cursos y talleres online.","publisher":{"@id":"https:\/\/educaciondistribuna.com\/#organization"},"potentialAction":[{"@type":"SearchAction","target":{"@type":"EntryPoint","urlTemplate":"https:\/\/educaciondistribuna.com\/?s={search_term_string}"},"query-input":{"@type":"PropertyValueSpecification","valueRequired":true,"valueName":"search_term_string"}}],"inLanguage":"pt-BR"},{"@type":"Organization","@id":"https:\/\/educaciondistribuna.com\/#organization","name":"Educaci\u00f3n Distribuna","url":"https:\/\/educaciondistribuna.com\/","logo":{"@type":"ImageObject","inLanguage":"pt-BR","@id":"https:\/\/educaciondistribuna.com\/#\/schema\/logo\/image\/","url":"https:\/\/educaciondistribuna.com\/wp-content\/uploads\/2025\/02\/EducacionDistribuna_2025.png","contentUrl":"https:\/\/educaciondistribuna.com\/wp-content\/uploads\/2025\/02\/EducacionDistribuna_2025.png","width":575,"height":148,"caption":"Educaci\u00f3n Distribuna"},"image":{"@id":"https:\/\/educaciondistribuna.com\/#\/schema\/logo\/image\/"},"sameAs":["https:\/\/www.facebook.com\/distribunamedicina","https:\/\/x.com\/Distribuna","https:\/\/www.instagram.com\/distribunamedicina\/","https:\/\/www.youtube.com\/user\/distribuna"]}]}},"_links":{"self":[{"href":"https:\/\/educaciondistribuna.com\/pt\/wp-json\/wp\/v2\/pages\/14114","targetHints":{"allow":["GET"]}}],"collection":[{"href":"https:\/\/educaciondistribuna.com\/pt\/wp-json\/wp\/v2\/pages"}],"about":[{"href":"https:\/\/educaciondistribuna.com\/pt\/wp-json\/wp\/v2\/types\/page"}],"author":[{"embeddable":true,"href":"https:\/\/educaciondistribuna.com\/pt\/wp-json\/wp\/v2\/users\/1"}],"replies":[{"embeddable":true,"href":"https:\/\/educaciondistribuna.com\/pt\/wp-json\/wp\/v2\/comments?post=14114"}],"version-history":[{"count":4,"href":"https:\/\/educaciondistribuna.com\/pt\/wp-json\/wp\/v2\/pages\/14114\/revisions"}],"predecessor-version":[{"id":14118,"href":"https:\/\/educaciondistribuna.com\/pt\/wp-json\/wp\/v2\/pages\/14114\/revisions\/14118"}],"wp:attachment":[{"href":"https:\/\/educaciondistribuna.com\/pt\/wp-json\/wp\/v2\/media?parent=14114"}],"curies":[{"name":"wp","href":"https:\/\/api.w.org\/{rel}","templated":true}]}}